{"id":1172,"date":"2022-09-05T17:25:47","date_gmt":"2022-09-05T17:25:47","guid":{"rendered":"https:\/\/www.elmiradordelhayedo.com\/inicio\/?page_id=1172"},"modified":"2024-05-02T18:41:20","modified_gmt":"2024-05-02T18:41:20","slug":"normas-del-alojamiento","status":"publish","type":"page","link":"https:\/\/www.elmiradordelhayedo.com\/inicio\/normas-del-alojamiento\/","title":{"rendered":"Normas del alojamiento"},"content":{"rendered":"\t\t<div data-elementor-type=\"wp-page\" data-elementor-id=\"1172\" class=\"elementor elementor-1172\">\n\t\t\t\t\t\t\t\t\t<section class=\"elementor-section elementor-top-section elementor-element elementor-element-158a643c elementor-section-boxed elementor-section-height-default elementor-section-height-default\" data-id=\"158a643c\" data-element_type=\"section\">\n\t\t\t\t\t\t<div class=\"elementor-container elementor-column-gap-default\">\n\t\t\t\t\t<div class=\"elementor-column elementor-col-100 elementor-top-column elementor-element elementor-element-6f3739ad\" data-id=\"6f3739ad\" data-element_type=\"column\">\n\t\t\t<div class=\"elementor-widget-wrap elementor-element-populated\">\n\t\t\t\t\t\t\t\t<div class=\"elementor-element elementor-element-79ba2120 elementor-widget elementor-widget-heading\" data-id=\"79ba2120\" data-element_type=\"widget\" data-widget_type=\"heading.default\">\n\t\t\t\t<div class=\"elementor-widget-container\">\n\t\t\t<style>\/*! elementor - v3.13.2 - 11-05-2023 *\/\n.elementor-heading-title{padding:0;margin:0;line-height:1}.elementor-widget-heading .elementor-heading-title[class*=elementor-size-]>a{color:inherit;font-size:inherit;line-height:inherit}.elementor-widget-heading .elementor-heading-title.elementor-size-small{font-size:15px}.elementor-widget-heading .elementor-heading-title.elementor-size-medium{font-size:19px}.elementor-widget-heading .elementor-heading-title.elementor-size-large{font-size:29px}.elementor-widget-heading .elementor-heading-title.elementor-size-xl{font-size:39px}.elementor-widget-heading .elementor-heading-title.elementor-size-xxl{font-size:59px}<\/style><h1 class=\"elementor-heading-title elementor-size-default\">Normas del alojamiento<\/h1>\t\t<\/div>\n\t\t\t\t<\/div>\n\t\t\t\t\t<\/div>\n\t\t<\/div>\n\t\t\t\t\t\t\t<\/div>\n\t\t<\/section>\n\t\t\t\t<section class=\"elementor-section elementor-top-section elementor-element elementor-element-75bcdb4e elementor-section-boxed elementor-section-height-default elementor-section-height-default\" data-id=\"75bcdb4e\" data-element_type=\"section\">\n\t\t\t\t\t\t<div class=\"elementor-container elementor-column-gap-default\">\n\t\t\t\t\t<div class=\"elementor-column elementor-col-50 elementor-top-column elementor-element elementor-element-4ada316e\" data-id=\"4ada316e\" data-element_type=\"column\">\n\t\t\t<div class=\"elementor-widget-wrap elementor-element-populated\">\n\t\t\t\t\t\t\t\t<div class=\"elementor-element elementor-element-36897b90 elementor-widget elementor-widget-theme-post-featured-image elementor-widget-image\" data-id=\"36897b90\" data-element_type=\"widget\" data-widget_type=\"theme-post-featured-image.default\">\n\t\t\t\t<div class=\"elementor-widget-container\">\n\t\t\t<style>\/*! elementor - v3.13.2 - 11-05-2023 *\/\n.elementor-widget-image{text-align:center}.elementor-widget-image a{display:inline-block}.elementor-widget-image a img[src$=\".svg\"]{width:48px}.elementor-widget-image img{vertical-align:middle;display:inline-block}<\/style>\t\t\t\t\t\t\t\t\t<figure class=\"wp-caption\">\n\t\t\t\t\t\t\t\t\t\t<img loading=\"lazy\" decoding=\"async\" width=\"800\" height=\"534\" src=\"https:\/\/www.elmiradordelhayedo.com\/inicio\/wp-content\/uploads\/2022\/09\/woman-g102132dbc_1920-2-1024x683.jpg\" class=\"attachment-large size-large wp-image-1169\" alt=\"\" srcset=\"https:\/\/www.elmiradordelhayedo.com\/inicio\/wp-content\/uploads\/2022\/09\/woman-g102132dbc_1920-2-1024x683.jpg 1024w, https:\/\/www.elmiradordelhayedo.com\/inicio\/wp-content\/uploads\/2022\/09\/woman-g102132dbc_1920-2-300x200.jpg 300w, https:\/\/www.elmiradordelhayedo.com\/inicio\/wp-content\/uploads\/2022\/09\/woman-g102132dbc_1920-2-768x512.jpg 768w, https:\/\/www.elmiradordelhayedo.com\/inicio\/wp-content\/uploads\/2022\/09\/woman-g102132dbc_1920-2-1536x1024.jpg 1536w, https:\/\/www.elmiradordelhayedo.com\/inicio\/wp-content\/uploads\/2022\/09\/woman-g102132dbc_1920-2.jpg 1920w\" sizes=\"auto, (max-width: 800px) 100vw, 800px\" \/>\t\t\t\t\t\t\t\t\t\t\t<figcaption class=\"widget-image-caption wp-caption-text\"><\/figcaption>\n\t\t\t\t\t\t\t\t\t\t<\/figure>\n\t\t\t\t\t\t\t\t\t<\/div>\n\t\t\t\t<\/div>\n\t\t\t\t\t<\/div>\n\t\t<\/div>\n\t\t\t\t<div class=\"elementor-column elementor-col-25 elementor-top-column elementor-element elementor-element-32ae1b82\" data-id=\"32ae1b82\" data-element_type=\"column\">\n\t\t\t<div class=\"elementor-widget-wrap elementor-element-populated\">\n\t\t\t\t\t\t\t\t<div class=\"elementor-element elementor-element-168be877 elementor-widget elementor-widget-text-editor\" data-id=\"168be877\" data-element_type=\"widget\" data-widget_type=\"text-editor.default\">\n\t\t\t\t<div class=\"elementor-widget-container\">\n\t\t\t<style>\/*! elementor - v3.13.2 - 11-05-2023 *\/\n.elementor-widget-text-editor.elementor-drop-cap-view-stacked .elementor-drop-cap{background-color:#69727d;color:#fff}.elementor-widget-text-editor.elementor-drop-cap-view-framed .elementor-drop-cap{color:#69727d;border:3px solid;background-color:transparent}.elementor-widget-text-editor:not(.elementor-drop-cap-view-default) .elementor-drop-cap{margin-top:8px}.elementor-widget-text-editor:not(.elementor-drop-cap-view-default) .elementor-drop-cap-letter{width:1em;height:1em}.elementor-widget-text-editor .elementor-drop-cap{float:left;text-align:center;line-height:1;font-size:50px}.elementor-widget-text-editor .elementor-drop-cap-letter{display:inline-block}<\/style>\t\t\t\t<p><span style=\"color: #ff6600;\"><strong><em>Check in \/ Check out<\/em><\/strong><\/span><\/p><p>La entrada al establecimiento o Check in se ofrece desde las 14:00 a las 21:00 del primer d\u00eda del periodo de alojamiento contratado y la salida o Check out ser\u00e1 antes de las 17:00h del d\u00eda previsto como fecha de salida.<\/p><p>(*) Las diferentes tarifas, ofertas y promociones no son acumulables entre s\u00ed.<\/p>\t\t\t\t\t\t<\/div>\n\t\t\t\t<\/div>\n\t\t\t\t\t<\/div>\n\t\t<\/div>\n\t\t\t\t<div class=\"elementor-column elementor-col-25 elementor-top-column elementor-element elementor-element-2dfdb746\" data-id=\"2dfdb746\" data-element_type=\"column\">\n\t\t\t<div class=\"elementor-widget-wrap\">\n\t\t\t\t\t\t\t\t\t<\/div>\n\t\t<\/div>\n\t\t\t\t\t\t\t<\/div>\n\t\t<\/section>\n\t\t\t\t<section class=\"elementor-section elementor-top-section elementor-element elementor-element-4db5fe69 elementor-section-boxed elementor-section-height-default elementor-section-height-default\" data-id=\"4db5fe69\" data-element_type=\"section\">\n\t\t\t\t\t\t<div class=\"elementor-container elementor-column-gap-default\">\n\t\t\t\t\t<div class=\"elementor-column elementor-col-50 elementor-top-column elementor-element elementor-element-79496377\" data-id=\"79496377\" data-element_type=\"column\">\n\t\t\t<div class=\"elementor-widget-wrap elementor-element-populated\">\n\t\t\t\t\t\t\t\t<div class=\"elementor-element elementor-element-298b3a5 elementor-widget elementor-widget-theme-post-featured-image elementor-widget-image\" data-id=\"298b3a5\" data-element_type=\"widget\" data-widget_type=\"theme-post-featured-image.default\">\n\t\t\t\t<div class=\"elementor-widget-container\">\n\t\t\t\t\t\t\t\t\t\t\t\t<figure class=\"wp-caption\">\n\t\t\t\t\t\t\t\t\t\t<img loading=\"lazy\" decoding=\"async\" width=\"800\" height=\"448\" src=\"https:\/\/www.elmiradordelhayedo.com\/inicio\/wp-content\/uploads\/2022\/09\/key-g26281d71c_1920-1024x573.jpg\" class=\"attachment-large size-large wp-image-1167\" alt=\"\" srcset=\"https:\/\/www.elmiradordelhayedo.com\/inicio\/wp-content\/uploads\/2022\/09\/key-g26281d71c_1920-1024x573.jpg 1024w, https:\/\/www.elmiradordelhayedo.com\/inicio\/wp-content\/uploads\/2022\/09\/key-g26281d71c_1920-300x168.jpg 300w, https:\/\/www.elmiradordelhayedo.com\/inicio\/wp-content\/uploads\/2022\/09\/key-g26281d71c_1920-768x430.jpg 768w, https:\/\/www.elmiradordelhayedo.com\/inicio\/wp-content\/uploads\/2022\/09\/key-g26281d71c_1920-1536x860.jpg 1536w, https:\/\/www.elmiradordelhayedo.com\/inicio\/wp-content\/uploads\/2022\/09\/key-g26281d71c_1920.jpg 1920w\" sizes=\"auto, (max-width: 800px) 100vw, 800px\" \/>\t\t\t\t\t\t\t\t\t\t\t<figcaption class=\"widget-image-caption wp-caption-text\"><\/figcaption>\n\t\t\t\t\t\t\t\t\t\t<\/figure>\n\t\t\t\t\t\t\t\t\t<\/div>\n\t\t\t\t<\/div>\n\t\t\t\t\t<\/div>\n\t\t<\/div>\n\t\t\t\t<div class=\"elementor-column elementor-col-25 elementor-top-column elementor-element elementor-element-229d53f\" data-id=\"229d53f\" data-element_type=\"column\">\n\t\t\t<div class=\"elementor-widget-wrap elementor-element-populated\">\n\t\t\t\t\t\t\t\t<div class=\"elementor-element elementor-element-2b1b837f elementor-widget elementor-widget-text-editor\" data-id=\"2b1b837f\" data-element_type=\"widget\" data-widget_type=\"text-editor.default\">\n\t\t\t\t<div class=\"elementor-widget-container\">\n\t\t\t\t\t\t\t<p><span style=\"color: #ff6600;\"><strong><em>Fianza<\/em><\/strong><\/span><\/p><p>Se acuerda la cantidad fija de fianza de 250 euros como garant\u00eda de devoluci\u00f3n en buen estado del inmueble reservado por parte del CLIENTE.<\/p>\t\t\t\t\t\t<\/div>\n\t\t\t\t<\/div>\n\t\t\t\t\t<\/div>\n\t\t<\/div>\n\t\t\t\t<div class=\"elementor-column elementor-col-25 elementor-top-column elementor-element elementor-element-2944973f\" data-id=\"2944973f\" data-element_type=\"column\">\n\t\t\t<div class=\"elementor-widget-wrap\">\n\t\t\t\t\t\t\t\t\t<\/div>\n\t\t<\/div>\n\t\t\t\t\t\t\t<\/div>\n\t\t<\/section>\n\t\t\t\t<section class=\"elementor-section elementor-top-section elementor-element elementor-element-bf1c1ed elementor-section-boxed elementor-section-height-default elementor-section-height-default\" data-id=\"bf1c1ed\" data-element_type=\"section\">\n\t\t\t\t\t\t<div class=\"elementor-container elementor-column-gap-default\">\n\t\t\t\t\t<div class=\"elementor-column elementor-col-50 elementor-top-column elementor-element elementor-element-2033a559\" data-id=\"2033a559\" data-element_type=\"column\">\n\t\t\t<div class=\"elementor-widget-wrap elementor-element-populated\">\n\t\t\t\t\t\t\t\t<div class=\"elementor-element elementor-element-8b66176 elementor-widget elementor-widget-theme-post-featured-image elementor-widget-image\" data-id=\"8b66176\" data-element_type=\"widget\" data-widget_type=\"theme-post-featured-image.default\">\n\t\t\t\t<div class=\"elementor-widget-container\">\n\t\t\t\t\t\t\t\t\t\t\t\t<figure class=\"wp-caption\">\n\t\t\t\t\t\t\t\t\t\t<img loading=\"lazy\" decoding=\"async\" width=\"800\" height=\"531\" src=\"https:\/\/www.elmiradordelhayedo.com\/inicio\/wp-content\/uploads\/2022\/09\/maltese-g00b2a9c71_1920-2-1024x680.jpg\" class=\"attachment-large size-large wp-image-1168\" alt=\"\" srcset=\"https:\/\/www.elmiradordelhayedo.com\/inicio\/wp-content\/uploads\/2022\/09\/maltese-g00b2a9c71_1920-2-1024x680.jpg 1024w, https:\/\/www.elmiradordelhayedo.com\/inicio\/wp-content\/uploads\/2022\/09\/maltese-g00b2a9c71_1920-2-300x199.jpg 300w, https:\/\/www.elmiradordelhayedo.com\/inicio\/wp-content\/uploads\/2022\/09\/maltese-g00b2a9c71_1920-2-768x510.jpg 768w, https:\/\/www.elmiradordelhayedo.com\/inicio\/wp-content\/uploads\/2022\/09\/maltese-g00b2a9c71_1920-2-1536x1020.jpg 1536w, https:\/\/www.elmiradordelhayedo.com\/inicio\/wp-content\/uploads\/2022\/09\/maltese-g00b2a9c71_1920-2.jpg 1920w\" sizes=\"auto, (max-width: 800px) 100vw, 800px\" \/>\t\t\t\t\t\t\t\t\t\t\t<figcaption class=\"widget-image-caption wp-caption-text\"><\/figcaption>\n\t\t\t\t\t\t\t\t\t\t<\/figure>\n\t\t\t\t\t\t\t\t\t<\/div>\n\t\t\t\t<\/div>\n\t\t\t\t\t<\/div>\n\t\t<\/div>\n\t\t\t\t<div class=\"elementor-column elementor-col-25 elementor-top-column elementor-element elementor-element-48a8d205\" data-id=\"48a8d205\" data-element_type=\"column\">\n\t\t\t<div class=\"elementor-widget-wrap elementor-element-populated\">\n\t\t\t\t\t\t\t\t<div class=\"elementor-element elementor-element-4d0f9e86 elementor-widget elementor-widget-text-editor\" data-id=\"4d0f9e86\" data-element_type=\"widget\" data-widget_type=\"text-editor.default\">\n\t\t\t\t<div class=\"elementor-widget-container\">\n\t\t\t\t\t\t\t<p><span style=\"color: #ff6600;\"><strong><em>Mascotas<\/em><\/strong><\/span><\/p><p>Permitidas. M\u00e1ximo 3 mascotas por fin de semana seg\u00fan tarifas publicadas en la web.<\/p>\t\t\t\t\t\t<\/div>\n\t\t\t\t<\/div>\n\t\t\t\t\t<\/div>\n\t\t<\/div>\n\t\t\t\t<div class=\"elementor-column elementor-col-25 elementor-top-column elementor-element elementor-element-18296787\" data-id=\"18296787\" data-element_type=\"column\">\n\t\t\t<div class=\"elementor-widget-wrap\">\n\t\t\t\t\t\t\t\t\t<\/div>\n\t\t<\/div>\n\t\t\t\t\t\t\t<\/div>\n\t\t<\/section>\n\t\t\t\t\t\t\t<\/div>\n\t\t","protected":false},"excerpt":{"rendered":"<p>Normas del alojamiento Check in \/ Check out La entrada al establecimiento o Check in se ofrece desde las 14:00 a las 21:00 del primer d\u00eda del periodo de alojamiento contratado y la salida o Check out ser\u00e1 antes de las 17:00h del d\u00eda previsto como fecha de salida. (*) Las diferentes tarifas, ofertas y [&hellip;]<\/p>\n","protected":false},"author":1,"featured_media":0,"parent":0,"menu_order":0,"comment_status":"closed","ping_status":"closed","template":"","meta":{"footnotes":""},"class_list":["post-1172","page","type-page","status-publish","hentry"],"yoast_head":"<!-- This site is optimized with the Yoast SEO plugin v22.5 - https:\/\/yoast.com\/wordpress\/plugins\/seo\/ -->\n<title>Normas del alojamiento - El Mirador del Hayedo - Casa Rural<\/title>\n<meta name=\"robots\" content=\"index, follow, max-snippet:-1, max-image-preview:large, max-video-preview:-1\" \/>\n<link rel=\"canonical\" href=\"https:\/\/www.elmiradordelhayedo.com\/inicio\/normas-del-alojamiento\/\" \/>\n<meta property=\"og:locale\" content=\"es_ES\" \/>\n<meta property=\"og:type\" content=\"article\" \/>\n<meta property=\"og:title\" content=\"Normas del alojamiento - El Mirador del Hayedo - Casa Rural\" \/>\n<meta property=\"og:description\" content=\"Normas del alojamiento Check in \/ Check out La entrada al establecimiento o Check in se ofrece desde las 14:00 a las 21:00 del primer d\u00eda del periodo de alojamiento contratado y la salida o Check out ser\u00e1 antes de las 17:00h del d\u00eda previsto como fecha de salida. (*) Las diferentes tarifas, ofertas y [&hellip;]\" \/>\n<meta property=\"og:url\" content=\"https:\/\/www.elmiradordelhayedo.com\/inicio\/normas-del-alojamiento\/\" \/>\n<meta property=\"og:site_name\" content=\"El Mirador del Hayedo - Casa Rural\" \/>\n<meta property=\"article:modified_time\" content=\"2024-05-02T18:41:20+00:00\" \/>\n<meta property=\"og:image\" content=\"https:\/\/www.elmiradordelhayedo.com\/inicio\/wp-content\/uploads\/2023\/02\/casa_rural_el_mirador_del_hayedo_83.jpg\" \/>\n\t<meta property=\"og:image:width\" content=\"1920\" \/>\n\t<meta property=\"og:image:height\" content=\"1279\" \/>\n\t<meta property=\"og:image:type\" content=\"image\/jpeg\" \/>\n<meta name=\"twitter:card\" content=\"summary_large_image\" \/>\n<meta name=\"twitter:label1\" content=\"Tiempo de lectura\" \/>\n\t<meta name=\"twitter:data1\" content=\"2 minutos\" \/>\n<script type=\"application\/ld+json\" class=\"yoast-schema-graph\">{\"@context\":\"https:\/\/schema.org\",\"@graph\":[{\"@type\":\"WebPage\",\"@id\":\"https:\/\/www.elmiradordelhayedo.com\/inicio\/normas-del-alojamiento\/\",\"url\":\"https:\/\/www.elmiradordelhayedo.com\/inicio\/normas-del-alojamiento\/\",\"name\":\"Normas del alojamiento - El Mirador del Hayedo - Casa Rural\",\"isPartOf\":{\"@id\":\"https:\/\/www.elmiradordelhayedo.com\/inicio\/#website\"},\"datePublished\":\"2022-09-05T17:25:47+00:00\",\"dateModified\":\"2024-05-02T18:41:20+00:00\",\"breadcrumb\":{\"@id\":\"https:\/\/www.elmiradordelhayedo.com\/inicio\/normas-del-alojamiento\/#breadcrumb\"},\"inLanguage\":\"es\",\"potentialAction\":[{\"@type\":\"ReadAction\",\"target\":[\"https:\/\/www.elmiradordelhayedo.com\/inicio\/normas-del-alojamiento\/\"]}]},{\"@type\":\"BreadcrumbList\",\"@id\":\"https:\/\/www.elmiradordelhayedo.com\/inicio\/normas-del-alojamiento\/#breadcrumb\",\"itemListElement\":[{\"@type\":\"ListItem\",\"position\":1,\"name\":\"Portada\",\"item\":\"https:\/\/www.elmiradordelhayedo.com\/inicio\/\"},{\"@type\":\"ListItem\",\"position\":2,\"name\":\"Normas del alojamiento\"}]},{\"@type\":\"WebSite\",\"@id\":\"https:\/\/www.elmiradordelhayedo.com\/inicio\/#website\",\"url\":\"https:\/\/www.elmiradordelhayedo.com\/inicio\/\",\"name\":\"El Mirador del Hayedo\",\"description\":\"Casa Rural para familias y grupos de amigos en Riofr\u00edo de Riaza, cerca de la Pinilla y La Pedrosa - 699 181 170\",\"publisher\":{\"@id\":\"https:\/\/www.elmiradordelhayedo.com\/inicio\/#organization\"},\"alternateName\":\"Casa rural Riaza\",\"potentialAction\":[{\"@type\":\"SearchAction\",\"target\":{\"@type\":\"EntryPoint\",\"urlTemplate\":\"https:\/\/www.elmiradordelhayedo.com\/inicio\/?s={search_term_string}\"},\"query-input\":\"required name=search_term_string\"}],\"inLanguage\":\"es\"},{\"@type\":\"Organization\",\"@id\":\"https:\/\/www.elmiradordelhayedo.com\/inicio\/#organization\",\"name\":\"El Mirador del Hayedo\",\"url\":\"https:\/\/www.elmiradordelhayedo.com\/inicio\/\",\"logo\":{\"@type\":\"ImageObject\",\"inLanguage\":\"es\",\"@id\":\"https:\/\/www.elmiradordelhayedo.com\/inicio\/#\/schema\/logo\/image\/\",\"url\":\"https:\/\/www.elmiradordelhayedo.com\/inicio\/wp-content\/uploads\/2022\/05\/logo_elmiradordelhayedo_alojamiento_rural_telefono.png\",\"contentUrl\":\"https:\/\/www.elmiradordelhayedo.com\/inicio\/wp-content\/uploads\/2022\/05\/logo_elmiradordelhayedo_alojamiento_rural_telefono.png\",\"width\":726,\"height\":146,\"caption\":\"El Mirador del Hayedo\"},\"image\":{\"@id\":\"https:\/\/www.elmiradordelhayedo.com\/inicio\/#\/schema\/logo\/image\/\"},\"sameAs\":[\"https:\/\/www.instagram.com\/elmiradordelhayedo\/\"]}]}<\/script>\n<!-- \/ Yoast SEO plugin. -->","yoast_head_json":{"title":"Normas del alojamiento - El Mirador del Hayedo - Casa Rural","robots":{"index":"index","follow":"follow","max-snippet":"max-snippet:-1","max-image-preview":"max-image-preview:large","max-video-preview":"max-video-preview:-1"},"canonical":"https:\/\/www.elmiradordelhayedo.com\/inicio\/normas-del-alojamiento\/","og_locale":"es_ES","og_type":"article","og_title":"Normas del alojamiento - El Mirador del Hayedo - Casa Rural","og_description":"Normas del alojamiento Check in \/ Check out La entrada al establecimiento o Check in se ofrece desde las 14:00 a las 21:00 del primer d\u00eda del periodo de alojamiento contratado y la salida o Check out ser\u00e1 antes de las 17:00h del d\u00eda previsto como fecha de salida. (*) Las diferentes tarifas, ofertas y [&hellip;]","og_url":"https:\/\/www.elmiradordelhayedo.com\/inicio\/normas-del-alojamiento\/","og_site_name":"El Mirador del Hayedo - Casa Rural","article_modified_time":"2024-05-02T18:41:20+00:00","og_image":[{"width":1920,"height":1279,"url":"https:\/\/www.elmiradordelhayedo.com\/inicio\/wp-content\/uploads\/2023\/02\/casa_rural_el_mirador_del_hayedo_83.jpg","type":"image\/jpeg"}],"twitter_card":"summary_large_image","twitter_misc":{"Tiempo de lectura":"2 minutos"},"schema":{"@context":"https:\/\/schema.org","@graph":[{"@type":"WebPage","@id":"https:\/\/www.elmiradordelhayedo.com\/inicio\/normas-del-alojamiento\/","url":"https:\/\/www.elmiradordelhayedo.com\/inicio\/normas-del-alojamiento\/","name":"Normas del alojamiento - El Mirador del Hayedo - Casa Rural","isPartOf":{"@id":"https:\/\/www.elmiradordelhayedo.com\/inicio\/#website"},"datePublished":"2022-09-05T17:25:47+00:00","dateModified":"2024-05-02T18:41:20+00:00","breadcrumb":{"@id":"https:\/\/www.elmiradordelhayedo.com\/inicio\/normas-del-alojamiento\/#breadcrumb"},"inLanguage":"es","potentialAction":[{"@type":"ReadAction","target":["https:\/\/www.elmiradordelhayedo.com\/inicio\/normas-del-alojamiento\/"]}]},{"@type":"BreadcrumbList","@id":"https:\/\/www.elmiradordelhayedo.com\/inicio\/normas-del-alojamiento\/#breadcrumb","itemListElement":[{"@type":"ListItem","position":1,"name":"Portada","item":"https:\/\/www.elmiradordelhayedo.com\/inicio\/"},{"@type":"ListItem","position":2,"name":"Normas del alojamiento"}]},{"@type":"WebSite","@id":"https:\/\/www.elmiradordelhayedo.com\/inicio\/#website","url":"https:\/\/www.elmiradordelhayedo.com\/inicio\/","name":"El Mirador del Hayedo","description":"Casa Rural para familias y grupos de amigos en Riofr\u00edo de Riaza, cerca de la Pinilla y La Pedrosa - 699 181 170","publisher":{"@id":"https:\/\/www.elmiradordelhayedo.com\/inicio\/#organization"},"alternateName":"Casa rural Riaza","potentialAction":[{"@type":"SearchAction","target":{"@type":"EntryPoint","urlTemplate":"https:\/\/www.elmiradordelhayedo.com\/inicio\/?s={search_term_string}"},"query-input":"required name=search_term_string"}],"inLanguage":"es"},{"@type":"Organization","@id":"https:\/\/www.elmiradordelhayedo.com\/inicio\/#organization","name":"El Mirador del Hayedo","url":"https:\/\/www.elmiradordelhayedo.com\/inicio\/","logo":{"@type":"ImageObject","inLanguage":"es","@id":"https:\/\/www.elmiradordelhayedo.com\/inicio\/#\/schema\/logo\/image\/","url":"https:\/\/www.elmiradordelhayedo.com\/inicio\/wp-content\/uploads\/2022\/05\/logo_elmiradordelhayedo_alojamiento_rural_telefono.png","contentUrl":"https:\/\/www.elmiradordelhayedo.com\/inicio\/wp-content\/uploads\/2022\/05\/logo_elmiradordelhayedo_alojamiento_rural_telefono.png","width":726,"height":146,"caption":"El Mirador del Hayedo"},"image":{"@id":"https:\/\/www.elmiradordelhayedo.com\/inicio\/#\/schema\/logo\/image\/"},"sameAs":["https:\/\/www.instagram.com\/elmiradordelhayedo\/"]}]}},"_links":{"self":[{"href":"https:\/\/www.elmiradordelhayedo.com\/inicio\/wp-json\/wp\/v2\/pages\/1172","targetHints":{"allow":["GET"]}}],"collection":[{"href":"https:\/\/www.elmiradordelhayedo.com\/inicio\/wp-json\/wp\/v2\/pages"}],"about":[{"href":"https:\/\/www.elmiradordelhayedo.com\/inicio\/wp-json\/wp\/v2\/types\/page"}],"author":[{"embeddable":true,"href":"https:\/\/www.elmiradordelhayedo.com\/inicio\/wp-json\/wp\/v2\/users\/1"}],"replies":[{"embeddable":true,"href":"https:\/\/www.elmiradordelhayedo.com\/inicio\/wp-json\/wp\/v2\/comments?post=1172"}],"version-history":[{"count":16,"href":"https:\/\/www.elmiradordelhayedo.com\/inicio\/wp-json\/wp\/v2\/pages\/1172\/revisions"}],"predecessor-version":[{"id":2044,"href":"https:\/\/www.elmiradordelhayedo.com\/inicio\/wp-json\/wp\/v2\/pages\/1172\/revisions\/2044"}],"wp:attachment":[{"href":"https:\/\/www.elmiradordelhayedo.com\/inicio\/wp-json\/wp\/v2\/media?parent=1172"}],"curies":[{"name":"wp","href":"https:\/\/api.w.org\/{rel}","templated":true}]}}